{"id":2282,"date":"2022-08-23T11:14:48","date_gmt":"2022-08-23T08:14:48","guid":{"rendered":"https:\/\/www.macitbitargil.com\/iletisim\/"},"modified":"2026-04-30T12:17:07","modified_gmt":"2026-04-30T09:17:07","slug":"contact","status":"publish","type":"page","link":"https:\/\/www.macitbitargil.com\/en\/contact\/","title":{"rendered":"Contact"},"content":{"rendered":"<style>.elementor-2282 .elementor-element.elementor-element-1c88396 > .elementor-element-populated{padding:0px 0px 0px 0px;}.elementor-2282 .elementor-element.elementor-element-629222d > .elementor-widget-container{padding:0px 0px 0px 0px;}.elementor-2282 .elementor-element.elementor-element-1b9538d{margin-top:0px;margin-bottom:0px;padding:0px 0px 0px 0px;}.elementor-2282 .elementor-element.elementor-element-432c469 > .elementor-element-populated{padding:0px 0px 0px 0px;}.elementor-2282 .elementor-element.elementor-element-7ef6536 iframe{height:500px;transition-duration:0s;}.elementor-2282 .elementor-element.elementor-element-7ef6536:hover iframe{filter:brightness( 100% ) contrast( 100% ) saturate( 100% ) blur( 0px ) hue-rotate( 0deg );}.elementor-2282 .elementor-element.elementor-element-7ef6536 > .elementor-widget-container{padding:0px 0px 0px 0px;}.elementor-2282 .elementor-element.elementor-element-7ef6536{grid-column:span 1;}<\/style>\t\t<div data-elementor-type=\"wp-page\" data-elementor-id=\"2282\" class=\"elementor elementor-2282\" data-elementor-post-type=\"page\">\n\t\t\t\t\t\t<section class=\"elementor-section elementor-top-section elementor-element elementor-element-5801aca elementor-section-boxed elementor-section-height-default elementor-section-height-default\" data-id=\"5801aca\" data-element_type=\"section\" data-e-type=\"section\">\n\t\t\t\t\t\t<div class=\"elementor-container elementor-column-gap-default\">\n\t\t\t\t\t<div class=\"elementor-column elementor-col-100 elementor-top-column elementor-element elementor-element-efa08b9\" data-id=\"efa08b9\" data-element_type=\"column\" data-e-type=\"column\">\n\t\t\t<div class=\"elementor-widget-wrap elementor-element-populated\">\n\t\t\t\t\t\t<div class=\"elementor-element elementor-element-ae7cba6 elementor-widget elementor-widget-html\" data-id=\"ae7cba6\" data-element_type=\"widget\" data-e-type=\"widget\" data-widget_type=\"html.default\">\n\t\t\t\t<div class=\"elementor-widget-container\">\n\t\t\t\t\t<style>\r\n\/* \u00dcst D\u00fczey Premium Kapsay\u0131c\u0131 *\/\r\n.premium-clinic-wrapper {\r\n    position: relative;\r\n    max-width: 1200px;\r\n    margin: 80px auto;\r\n    padding: 0 20px;\r\n    display: flex;\r\n    align-items: center;\r\n    justify-content: center;\r\n    font-family: inherit;\r\n}\r\n\r\n\/* Sol Taraf: \u0130leti\u015fim Detaylar\u0131 *\/\r\n.premium-clinic-info {\r\n    background: linear-gradient(135deg, #0D4471 0%, #072a48 100%);\r\n    color: #ffffff;\r\n    padding: 60px 50px;\r\n    border-radius: 20px;\r\n    width: 100%;\r\n    max-width: 420px;\r\n    position: relative;\r\n    z-index: 2;\r\n    box-shadow: 0 25px 50px rgba(13, 68, 113, 0.25);\r\n    transform: translateX(40px);\r\n    overflow: hidden;\r\n}\r\n\r\n.premium-clinic-info::before {\r\n    content: '';\r\n    position: absolute;\r\n    top: -50px;\r\n    right: -50px;\r\n    width: 200px;\r\n    height: 200px;\r\n    background: rgba(255, 255, 255, 0.05);\r\n    border-radius: 50%;\r\n}\r\n\r\n.premium-clinic-info::after {\r\n    content: '';\r\n    position: absolute;\r\n    bottom: -80px;\r\n    left: -30px;\r\n    width: 250px;\r\n    height: 250px;\r\n    background: rgba(255, 255, 255, 0.03);\r\n    border-radius: 50%;\r\n}\r\n\r\n.clinic-header h2 {\r\n    color: #ffffff;\r\n    font-size: 28px;\r\n    font-weight: 700;\r\n    margin-bottom: 15px;\r\n    line-height: 1.3;\r\n    position: relative;\r\n    z-index: 3;\r\n}\r\n\r\n.clinic-header h2 a {\r\n    color: #ffffff !important;\r\n    text-decoration: none !important;\r\n    transition: opacity 0.3s ease;\r\n}\r\n\r\n.clinic-header h2 a:hover {\r\n    opacity: 0.8;\r\n}\r\n\r\n.clinic-header p {\r\n    font-size: 15px;\r\n    color: rgba(255, 255, 255, 0.8);\r\n    margin-bottom: 25px;\r\n    line-height: 1.6;\r\n    position: relative;\r\n    z-index: 3;\r\n}\r\n\r\n\/* WhatsApp CTA ALANI *\/\r\n.whatsapp-premium-cta {\r\n    display: flex;\r\n    align-items: center;\r\n    background: linear-gradient(135deg, #25D366 0%, #128C7E 100%);\r\n    padding: 16px 20px;\r\n    border-radius: 12px;\r\n    text-decoration: none !important;\r\n    color: #ffffff !important;\r\n    margin-bottom: 35px;\r\n    position: relative;\r\n    z-index: 3;\r\n    box-shadow: 0 10px 20px rgba(37, 211, 102, 0.25);\r\n    transition: all 0.3s cubic-bezier(0.4, 0, 0.2, 1);\r\n    border: 1px solid rgba(255,255,255,0.1);\r\n}\r\n\r\n.whatsapp-premium-cta:hover {\r\n    transform: translateY(-4px);\r\n    box-shadow: 0 15px 25px rgba(37, 211, 102, 0.4);\r\n}\r\n\r\n.wa-icon {\r\n    font-size: 34px;\r\n    margin-right: 15px;\r\n    text-shadow: 0 2px 5px rgba(0,0,0,0.1);\r\n}\r\n\r\n.wa-text {\r\n    display: flex;\r\n    flex-direction: column;\r\n}\r\n\r\n.wa-title {\r\n    font-size: 12px;\r\n    font-weight: 600;\r\n    opacity: 0.9;\r\n    text-transform: uppercase;\r\n    letter-spacing: 0.5px;\r\n    margin-bottom: 2px;\r\n}\r\n\r\n.wa-number {\r\n    font-size: 18px;\r\n    font-weight: 700;\r\n    letter-spacing: 0.5px;\r\n}\r\n\r\n.clinic-list {\r\n    list-style: none;\r\n    padding: 0;\r\n    margin: 0 0 45px 0;\r\n    position: relative;\r\n    z-index: 3;\r\n}\r\n\r\n.clinic-list li {\r\n    margin-bottom: 30px;\r\n    transition: transform 0.3s ease;\r\n}\r\n\r\n.clinic-list li:hover {\r\n    transform: translateX(5px);\r\n}\r\n\r\n.clinic-list a {\r\n    display: flex;\r\n    align-items: flex-start;\r\n    color: #ffffff !important;\r\n    text-decoration: none !important;\r\n    font-size: 15px;\r\n    line-height: 1.5;\r\n    transition: all 0.3s ease;\r\n}\r\n\r\n.clinic-list a:hover {\r\n    color: #ffffff !important;\r\n    text-shadow: 0 0 8px rgba(255, 255, 255, 0.6);\r\n}\r\n\r\n.clinic-list .icon {\r\n    font-size: 22px;\r\n    margin-right: 20px;\r\n    color: #66b3ff;\r\n    min-width: 25px;\r\n    text-align: center;\r\n    margin-top: 2px;\r\n    transition: color 0.3s ease;\r\n}\r\n\r\n.clinic-list a:hover .icon {\r\n    color: #ffffff !important;\r\n    text-shadow: 0 0 10px rgba(255, 255, 255, 0.8);\r\n}\r\n\r\n.clinic-socials {\r\n    display: flex;\r\n    gap: 12px;\r\n    position: relative;\r\n    z-index: 3;\r\n}\r\n\r\n.clinic-socials a {\r\n    display: flex;\r\n    align-items: center;\r\n    justify-content: center;\r\n    width: 45px;\r\n    height: 45px;\r\n    background: rgba(255,255,255,0.08);\r\n    backdrop-filter: blur(5px);\r\n    border: 1px solid rgba(255,255,255,0.1);\r\n    border-radius: 12px;\r\n    color: #ffffff !important;\r\n    text-decoration: none;\r\n    transition: all 0.3s cubic-bezier(0.4, 0, 0.2, 1);\r\n}\r\n\r\n.clinic-socials a:hover {\r\n    background: #ffffff;\r\n    color: #0D4471 !important;\r\n    transform: translateY(-5px);\r\n    box-shadow: 0 10px 20px rgba(0,0,0,0.1);\r\n}\r\n\r\n\/* Sa\u011f Taraf: Form Kart\u0131 *\/\r\n.premium-clinic-form {\r\n    background: #ffffff;\r\n    padding: 60px 60px 60px 100px;\r\n    border-radius: 20px;\r\n    width: 100%;\r\n    max-width: 780px;\r\n    box-shadow: 0 15px 40px rgba(0,0,0,0.04);\r\n    position: relative;\r\n    z-index: 1;\r\n    border: 1px solid #f0f0f0;\r\n}\r\n\r\n\/* WPForms Stilleri *\/\r\n.premium-clinic-form .wpforms-container {\r\n    margin: 0 !important;\r\n}\r\n.premium-clinic-form .wpforms-field-label {\r\n    font-weight: 600 !important;\r\n    color: #1e293b !important;\r\n    font-size: 14px !important;\r\n    margin-bottom: 10px !important;\r\n}\r\n.premium-clinic-form input[type=\"text\"],\r\n.premium-clinic-form input[type=\"email\"],\r\n.premium-clinic-form input[type=\"tel\"],\r\n.premium-clinic-form select,\r\n.premium-clinic-form textarea {\r\n    width: 100% !important;\r\n    padding: 18px 20px !important;\r\n    border: 1px solid #e2e8f0 !important;\r\n    border-radius: 12px !important;\r\n    background-color: #f8fafc !important;\r\n    font-size: 15px !important;\r\n    color: #334155 !important;\r\n    transition: all 0.3s cubic-bezier(0.4, 0, 0.2, 1) !important;\r\n    box-sizing: border-box !important;\r\n}\r\n.premium-clinic-form input:focus,\r\n.premium-clinic-form select:focus,\r\n.premium-clinic-form textarea:focus {\r\n    border-color: #0D4471 !important;\r\n    background-color: #ffffff !important;\r\n    outline: none !important;\r\n    box-shadow: 0 10px 25px rgba(13, 68, 113, 0.08) !important;\r\n    transform: translateY(-2px) !important;\r\n}\r\n.premium-clinic-form .wpforms-submit {\r\n    width: 100% !important;\r\n    background: linear-gradient(135deg, #0D4471 0%, #0a3558 100%) !important;\r\n    color: #ffffff !important;\r\n    border: none !important;\r\n    padding: 18px !important;\r\n    font-size: 16px !important;\r\n    font-weight: 600 !important;\r\n    letter-spacing: 0.5px !important;\r\n    border-radius: 12px !important;\r\n    cursor: pointer !important;\r\n    transition: all 0.3s ease !important;\r\n    margin-top: 15px !important;\r\n    box-shadow: 0 10px 20px rgba(13, 68, 113, 0.2) !important;\r\n}\r\n.premium-clinic-form .wpforms-submit:hover {\r\n    transform: translateY(-3px) !important;\r\n    box-shadow: 0 15px 30px rgba(13, 68, 113, 0.3) !important;\r\n}\r\n\r\n@media (max-width: 992px) {\r\n    .premium-clinic-wrapper {\r\n        flex-direction: column;\r\n        margin: 40px auto;\r\n    }\r\n    .premium-clinic-info {\r\n        transform: translateX(0) translateY(20px);\r\n        max-width: 100%;\r\n        padding: 40px 30px;\r\n    }\r\n    .premium-clinic-form {\r\n        padding: 60px 30px 40px 30px;\r\n        max-width: 100%;\r\n    }\r\n}\r\n<\/style>\r\n\r\n<div class=\"premium-clinic-wrapper\">\r\n    <div class=\"premium-clinic-info\">\r\n        <div class=\"clinic-header\">\r\n            <h2>Book an Appointment \/ Ask Your Doctor<br><a href=\"tel:+905304684080\">0530 468 40 80<\/a><\/h2>\r\n            <p>Please fill out the form to book an appointment or ask your doctor a question.<\/p>\r\n        <\/div>\r\n\r\n        <a href=\"https:\/\/wa.me\/905304684080\" class=\"whatsapp-premium-cta\" rel=\"nofollow noopener\" target=\"_blank\">\r\n            <span class=\"wa-icon\"><i class=\"fab fa-whatsapp\"><\/i><\/span>\r\n            <div class=\"wa-text\">\r\n                <span class=\"wa-title\">Contact via WhatsApp<\/span>\r\n                <span class=\"wa-number\">0530 468 40 80<\/span>\r\n            <\/div>\r\n        <\/a>\r\n\r\n        <ul class=\"clinic-list\">\r\n            <li>\r\n                <a href=\"https:\/\/maps.app.goo.gl\/aPo1Q6mJ2DTxmATp9\" rel=\"nofollow noopener\" target=\"_blank\">\r\n                    <span class=\"icon\"><i class=\"fas fa-map-marker-alt\"><\/i><\/span>\r\n                    <span>Mesrutiyet Dist. Rumeli Ave. Rumeli Plaza No: 22 Inner Door No: 7 Sisli \/ Istanbul<\/span>\r\n                <\/a>\r\n            <\/li>\r\n            <li>\r\n                <a href=\"mailto:info@macitbitargil.com\">\r\n                    <span class=\"icon\"><i class=\"fas fa-mail-bulk\"><\/i><\/span>\r\n                    <span>info@macitbitargil.com<\/span>\r\n                <\/a>\r\n            <\/li>\r\n            <li>\r\n                <a href=\"tel:+905304684080\">\r\n                    <span class=\"icon\"><i class=\"fas fa-phone-alt\"><\/i><\/span>\r\n                    <span>0530 468 40 80<\/span>\r\n                <\/a>\r\n            <\/li>\r\n        <\/ul>\r\n\r\n        <div class=\"clinic-socials\">\r\n            <a href=\"https:\/\/www.facebook.com\/macit.bitargil\" target=\"_blank\" rel=\"nofollow noopener\"><i class=\"fab fa-facebook-f\"><\/i><\/a>\r\n            <a href=\"https:\/\/x.com\/macitbitargil\" target=\"_blank\" rel=\"nofollow\"><i class=\"fab fa-twitter\"><\/i><\/a>\r\n            <a href=\"https:\/\/www.instagram.com\/doc.dr.macitbitargil?igsh=MTlzMGlndDFud3Jocg%3D%3D&amp;utm_source=qr\" target=\"_blank\" rel=\"nofollow noopener\"><i class=\"fab fa-instagram\"><\/i><\/a>\r\n            <a href=\"https:\/\/www.researchgate.net\/profile\/Macit-Bitargil\" target=\"_blank\" rel=\"nofollow noopener\"><i class=\"fab fa-deviantart\"><\/i><\/a>\r\n            <a href=\"https:\/\/www.youtube.com\/channel\/UCkWzkLa-nMSGn-rf5CIpi7w\" target=\"_blank\" rel=\"nofollow noopener\"><i class=\"fab fa-youtube\"><\/i><\/a>\r\n        <\/div>\r\n    <\/div>\r\n\r\n    <div class=\"premium-clinic-form\">\r\n        <div class=\"wpforms-container wpforms-container-full\" id=\"wpforms-2860\"><form id=\"wpforms-form-2860\" class=\"wpforms-validate wpforms-form wpforms-ajax-form\" data-formid=\"2860\" method=\"post\" enctype=\"multipart\/form-data\" action=\"\/en\/wp-json\/wp\/v2\/pages\/2282\" data-token=\"e9d2af6bcab9aa6d08940994ab6dbd54\"><noscript class=\"wpforms-error-noscript\">Please enable JavaScript in your browser to complete this form.<\/noscript><div class=\"wpforms-field-container\"><div id=\"wpforms-2860-field_2-container\" class=\"wpforms-field wpforms-field-name\" data-field-id=\"2\"><label class=\"wpforms-field-label\" for=\"wpforms-2860-field_2\">Name Surname <span class=\"wpforms-required-label\">*<\/span><\/label><input type=\"text\" id=\"wpforms-2860-field_2\" class=\"wpforms-field-large wpforms-field-required\" name=\"wpforms[fields][2]\" required><\/div><div id=\"wpforms-2860-field_3-container\" class=\"wpforms-field wpforms-field-email\" data-field-id=\"3\"><label class=\"wpforms-field-label\" for=\"wpforms-2860-field_3\">Email<\/label><input type=\"email\" id=\"wpforms-2860-field_3\" class=\"wpforms-field-large\" name=\"wpforms[fields][3]\" ><\/div><div id=\"wpforms-2860-field_4-container\" class=\"wpforms-field wpforms-field-phone\" data-field-id=\"4\"><label class=\"wpforms-field-label\" for=\"wpforms-2860-field_4\">Phone <span class=\"wpforms-required-label\">*<\/span><\/label><input type=\"tel\" id=\"wpforms-2860-field_4\" class=\"wpforms-field-large wpforms-field-required wpforms-smart-phone-field\" data-rule-smart-phone-field=\"true\" name=\"wpforms[fields][4]\" required><\/div><div id=\"wpforms-2860-field_7-container\" class=\"wpforms-field wpforms-field-select wpforms-field-select-style-classic\" data-field-id=\"7\"><label class=\"wpforms-field-label\" for=\"wpforms-2860-field_7\">How Can We Help?<\/label><select id=\"wpforms-2860-field_7\" class=\"wpforms-field-large\" name=\"wpforms[fields][7]\"><option value=\"Make an Appointment\" >Make an Appointment<\/option><option value=\"Ask Your Doctor\" >Ask Your Doctor<\/option><\/select><\/div><div id=\"wpforms-2860-field_6-container\" class=\"wpforms-field wpforms-field-textarea\" data-field-id=\"6\"><label class=\"wpforms-field-label\" for=\"wpforms-2860-field_6\">Message <span class=\"wpforms-required-label\">*<\/span><\/label><textarea id=\"wpforms-2860-field_6\" class=\"wpforms-field-medium wpforms-field-required\" name=\"wpforms[fields][6]\" required><\/textarea><\/div><\/div><input type=\"hidden\" name=\"wpforms[recaptcha]\" value=\"\"><div class=\"wpforms-submit-container\"><input type=\"hidden\" name=\"wpforms[id]\" value=\"2860\"><input type=\"hidden\" name=\"wpforms[author]\" value=\"1\"><button type=\"submit\" name=\"wpforms[submit]\" id=\"wpforms-submit-2860\" class=\"wpforms-submit\" data-alt-text=\"Sending...\" data-submit-text=\"Get Info\" aria-live=\"assertive\" value=\"wpforms-submit\">Get Info<\/button><img decoding=\"async\" src=\"https:\/\/www.macitbitargil.com\/wp-content\/plugins\/wpforms\/assets\/images\/submit-spin.svg\" class=\"wpforms-submit-spinner\" style=\"display: none;\" width=\"26\" height=\"26\" alt=\"\"><\/div><\/form><\/div>  <!-- .wpforms-container -->\r\n    <\/div>\r\n<\/div>\t\t\t\t<\/div>\n\t\t\t\t<\/div>\n\t\t\t\t\t<\/div>\n\t\t<\/div>\n\t\t\t\t\t<\/div>\n\t\t<\/section>\n\t\t\t\t<section class=\"elementor-section elementor-top-section elementor-element elementor-element-4bbef89 elementor-section-full_width elementor-section-height-default elementor-section-height-default\" data-id=\"4bbef89\" data-element_type=\"section\" data-e-type=\"section\">\n\t\t\t\t\t\t<div class=\"elementor-container elementor-column-gap-default\">\n\t\t\t\t\t<div class=\"elementor-column elementor-col-100 elementor-top-column elementor-element elementor-element-1c88396\" data-id=\"1c88396\" data-element_type=\"column\" data-e-type=\"column\">\n\t\t\t<div class=\"elementor-widget-wrap elementor-element-populated\">\n\t\t\t\t\t\t<div class=\"elementor-element elementor-element-629222d elementor-widget elementor-widget-html\" data-id=\"629222d\" data-element_type=\"widget\" data-e-type=\"widget\" data-widget_type=\"html.default\">\n\t\t\t\t<div class=\"elementor-widget-container\">\n\t\t\t\t\t<style>\r\n\/* Full Width Background Container *\/\r\n.premium-hero-wrapper {\r\n    background-color: #F0F4F8; \/* Premium soft blue-gray matching the buttons *\/\r\n    width: 100%;\r\n    display: flow-root; \/* Ensures the background fits perfectly without breaking existing margin values *\/\r\n}\r\n\r\n\/* Premium Hero Area Container *\/\r\n.premium-hero-section {\r\n    display: flex;\r\n    align-items: center;\r\n    justify-content: space-between;\r\n    max-width: 1200px;\r\n    margin: 40px auto;\r\n    padding: 0 20px;\r\n    gap: 60px;\r\n    font-family: inherit;\r\n}\r\n\r\n\/* Left Side: Content and Buttons *\/\r\n.hero-content {\r\n    flex: 1;\r\n    max-width: 650px; \/* 3 butonun rahat s\u0131\u011fmas\u0131 i\u00e7in 600'den 650'ye \u00e7\u0131kar\u0131ld\u0131 *\/\r\n    position: relative;\r\n    z-index: 2;\r\n}\r\n\r\n.hero-subtitle {\r\n    color: #0D4471;\r\n    font-size: 18px;\r\n    font-weight: 700;\r\n    text-transform: uppercase;\r\n    letter-spacing: 2px;\r\n    margin-bottom: 15px;\r\n    display: block;\r\n    position: relative;\r\n    padding-left: 45px;\r\n}\r\n\r\n.hero-subtitle::before {\r\n    content: '';\r\n    position: absolute;\r\n    left: 0;\r\n    top: 50%;\r\n    transform: translateY(-50%);\r\n    width: 30px;\r\n    height: 3px;\r\n    background-color: #0D4471;\r\n    border-radius: 2px;\r\n}\r\n\r\n.hero-title {\r\n    font-size: 52px;\r\n    font-weight: 800;\r\n    color: #1e293b;\r\n    margin-bottom: 35px;\r\n    line-height: 1.15;\r\n}\r\n\r\n\/* Button Layouts *\/\r\n.hero-buttons {\r\n    display: flex;\r\n    flex-wrap: nowrap; \/* Butonlar\u0131 yan yana zorlar *\/\r\n    gap: 12px; \/* Bo\u015fluk s\u0131\u011fmas\u0131 i\u00e7in biraz daralt\u0131ld\u0131 *\/\r\n}\r\n\r\n.hero-btn {\r\n    display: inline-flex;\r\n    align-items: center;\r\n    justify-content: center;\r\n    padding: 14px 22px; \/* S\u0131\u011fmas\u0131 i\u00e7in padding biraz daralt\u0131ld\u0131 *\/\r\n    border-radius: 12px;\r\n    font-size: 15px; \/* S\u0131\u011fmas\u0131 i\u00e7in font \u00e7ok hafif k\u00fc\u00e7\u00fclt\u00fcld\u00fc *\/\r\n    font-weight: 600;\r\n    text-decoration: none !important;\r\n    white-space: nowrap; \/* Metinlerin alt sat\u0131ra k\u0131r\u0131lmas\u0131n\u0131 engeller *\/\r\n    transition: all 0.3s cubic-bezier(0.4, 0, 0.2, 1);\r\n}\r\n\r\n.hero-btn-primary {\r\n    background: linear-gradient(135deg, #0D4471 0%, #0a3558 100%);\r\n    color: #ffffff !important;\r\n    box-shadow: 0 10px 20px rgba(13, 68, 113, 0.2);\r\n}\r\n\r\n.hero-btn-primary:hover {\r\n    transform: translateY(-4px);\r\n    box-shadow: 0 15px 30px rgba(13, 68, 113, 0.3);\r\n    color: #ffffff !important;\r\n}\r\n\r\n.hero-btn-secondary {\r\n    background: #f8fafc;\r\n    color: #0D4471 !important;\r\n    border: 1px solid #e2e8f0;\r\n}\r\n\r\n.hero-btn-secondary:hover {\r\n    background: #ffffff;\r\n    border-color: #0D4471;\r\n    transform: translateY(-4px);\r\n    box-shadow: 0 10px 20px rgba(13, 68, 113, 0.1);\r\n}\r\n\r\n\/* Right Side: Image and Background Effect *\/\r\n.hero-image-wrapper {\r\n    flex: 1;\r\n    position: relative;\r\n    display: flex;\r\n    justify-content: center;\r\n    align-items: center;\r\n}\r\n\r\n.hero-bg-shape {\r\n    position: absolute;\r\n    width: 450px;\r\n    height: 450px;\r\n    background: radial-gradient(circle, rgba(13,68,113,0.08) 0%, rgba(13,68,113,0) 70%);\r\n    border-radius: 50%;\r\n    z-index: 1;\r\n    top: 50%;\r\n    left: 50%;\r\n    transform: translate(-50%, -50%);\r\n}\r\n\r\n.hero-image {\r\n    position: relative;\r\n    z-index: 2;\r\n    max-width: 100%;\r\n    height: auto;\r\n    filter: drop-shadow(0 25px 35px rgba(0,0,0,0.15));\r\n    transition: transform 0.5s ease;\r\n}\r\n\r\n.hero-image-wrapper:hover .hero-image {\r\n    transform: translateY(-10px) scale(1.02);\r\n}\r\n\r\n\/* Mobile Compatibility *\/\r\n@media (max-width: 992px) {\r\n    .premium-hero-section {\r\n        flex-direction: column;\r\n        text-align: center;\r\n        padding: 20px;\r\n        gap: 40px;\r\n    }\r\n    .hero-subtitle::before {\r\n        display: none;\r\n    }\r\n    .hero-subtitle {\r\n        padding-left: 0;\r\n    }\r\n    .hero-title {\r\n        font-size: 38px;\r\n    }\r\n    .hero-buttons {\r\n        flex-direction: column; \/* Mobilde ta\u015fmamas\u0131 i\u00e7in alt alta dizilim *\/\r\n        align-items: center;\r\n        width: 100%;\r\n    }\r\n    .hero-btn {\r\n        width: 100%; \/* Buttons take full width on mobile *\/\r\n        max-width: 300px;\r\n    }\r\n    .hero-bg-shape {\r\n        width: 300px;\r\n        height: 300px;\r\n    }\r\n}\r\n<\/style>\r\n\r\n<div class=\"premium-hero-wrapper\">\r\n    <div class=\"premium-hero-section\">\r\n        <div class=\"hero-content\">\r\n            <span class=\"hero-subtitle\">Cardiovascular Surgery<\/span>\r\n            <h1 class=\"hero-title\">Assoc. Prof. Dr. Macit Bitargil<\/h1>\r\n            \r\n            <div class=\"hero-buttons\">\r\n                <a href=\"https:\/\/wa.me\/905304684080\" class=\"hero-btn hero-btn-primary\" rel=\"nofollow noopener\" target=\"_blank\">\r\n                    Book Appointment\r\n                <\/a>\r\n                <a href=\"\/en\/contact\/\" class=\"hero-btn hero-btn-secondary\">\r\n                    Ask a Question\r\n                <\/a>\r\n                <a href=\"\/en\/we-in-the-press\/\" class=\"hero-btn hero-btn-secondary\">\r\n                    We in the Press\r\n                <\/a>\r\n            <\/div>\r\n        <\/div>\r\n\r\n        <div class=\"hero-image-wrapper\">\r\n            <div class=\"hero-bg-shape\"><\/div>\r\n            <img loading=\"lazy\" decoding=\"async\" src=\"https:\/\/www.macitbitargil.com\/wp-content\/uploads\/2022\/08\/WhatsApp-Image-2022-08-19-at-17.01.50-removebg-preview.png\" alt=\"Assoc. Prof. Dr. Macit Bitargil\" class=\"hero-image\" width=\"507\" height=\"492\" loading=\"lazy\">\r\n        <\/div>\r\n    <\/div>\r\n<\/div>\t\t\t\t<\/div>\n\t\t\t\t<\/div>\n\t\t\t\t\t<\/div>\n\t\t<\/div>\n\t\t\t\t\t<\/div>\n\t\t<\/section>\n\t\t\t\t<section class=\"elementor-section elementor-top-section elementor-element elementor-element-1b9538d elementor-section-full_width elementor-section-height-default elementor-section-height-default\" data-id=\"1b9538d\" data-element_type=\"section\" data-e-type=\"section\">\n\t\t\t\t\t\t<div class=\"elementor-container elementor-column-gap-default\">\n\t\t\t\t\t<div class=\"elementor-column elementor-col-100 elementor-top-column elementor-element elementor-element-432c469\" data-id=\"432c469\" data-element_type=\"column\" data-e-type=\"column\">\n\t\t\t<div class=\"elementor-widget-wrap elementor-element-populated\">\n\t\t\t\t\t\t<div class=\"elementor-element elementor-element-7ef6536 elementor-widget elementor-widget-google_maps\" data-id=\"7ef6536\" data-element_type=\"widget\" data-e-type=\"widget\" data-widget_type=\"google_maps.default\">\n\t\t\t\t<div class=\"elementor-widget-container\">\n\t\t\t\t\t\t\t<div class=\"elementor-custom-embed\">\n\t\t\t<iframe loading=\"lazy\"\n\t\t\t\t\tsrc=\"https:\/\/maps.google.com\/maps?q=Macit%20Bitargil%20%7C%20Varis%20Tedavisi%20-%20Skleroterapi%20-%20Kalp%20ve%20Damar%20Cerrahisi&#038;t=m&#038;z=15&#038;output=embed&#038;iwloc=near\"\n\t\t\t\t\ttitle=\"Macit Bitargil | Varis Tedavisi - Skleroterapi - Kalp ve Damar Cerrahisi\"\n\t\t\t\t\taria-label=\"Macit Bitargil | Varis Tedavisi - Skleroterapi - Kalp ve Damar Cerrahisi\"\n\t\t\t><\/iframe>\n\t\t<\/div>\n\t\t\t\t\t\t<\/div>\n\t\t\t\t<\/div>\n\t\t\t\t\t<\/div>\n\t\t<\/div>\n\t\t\t\t\t<\/div>\n\t\t<\/section>\n\t\t\t\t<\/div>\n\t\t","protected":false},"excerpt":{"rendered":"<p>Book an Appointment \/ Ask Your Doctor0530 468 40 80 Please fill out the form to book an appointment or ask your doctor a question. Contact via WhatsApp 0530 468 40 80 Mesrutiyet Dist. Rumeli Ave. Rumeli Plaza No: 22 Inner Door No: 7 Sisli \/ Istanbul info@macitbitargil.com 0530 468 40 80 Cardiovascular Surgery Assoc. [&hellip;]<\/p>\n","protected":false},"author":1,"featured_media":2119,"parent":0,"menu_order":0,"comment_status":"closed","ping_status":"closed","template":"elementor_header_footer","meta":{"_acf_changed":false,"_daextinma_seo_power":"","_daextinma_enable_ail":"","_joinchat":[],"footnotes":""},"class_list":["post-2282","page","type-page","status-publish","has-post-thumbnail","hentry"],"acf":[],"_links":{"self":[{"href":"https:\/\/www.macitbitargil.com\/en\/wp-json\/wp\/v2\/pages\/2282","targetHints":{"allow":["GET"]}}],"collection":[{"href":"https:\/\/www.macitbitargil.com\/en\/wp-json\/wp\/v2\/pages"}],"about":[{"href":"https:\/\/www.macitbitargil.com\/en\/wp-json\/wp\/v2\/types\/page"}],"author":[{"embeddable":true,"href":"https:\/\/www.macitbitargil.com\/en\/wp-json\/wp\/v2\/users\/1"}],"replies":[{"embeddable":true,"href":"https:\/\/www.macitbitargil.com\/en\/wp-json\/wp\/v2\/comments?post=2282"}],"version-history":[{"count":50,"href":"https:\/\/www.macitbitargil.com\/en\/wp-json\/wp\/v2\/pages\/2282\/revisions"}],"predecessor-version":[{"id":8496,"href":"https:\/\/www.macitbitargil.com\/en\/wp-json\/wp\/v2\/pages\/2282\/revisions\/8496"}],"wp:featuredmedia":[{"embeddable":true,"href":"https:\/\/www.macitbitargil.com\/en\/wp-json\/wp\/v2\/media\/2119"}],"wp:attachment":[{"href":"https:\/\/www.macitbitargil.com\/en\/wp-json\/wp\/v2\/media?parent=2282"}],"curies":[{"name":"wp","href":"https:\/\/api.w.org\/{rel}","templated":true}]}}