{"id":8471,"date":"2026-04-30T11:24:40","date_gmt":"2026-04-30T08:24:40","guid":{"rendered":"https:\/\/www.macitbitargil.com\/doktor\/"},"modified":"2026-04-30T12:15:07","modified_gmt":"2026-04-30T09:15:07","slug":"doctor","status":"publish","type":"page","link":"https:\/\/www.macitbitargil.com\/en\/doctor\/","title":{"rendered":"Assoc. Prof. Dr. Macit Bitargil."},"content":{"rendered":"<style>.elementor-8471 .elementor-element.elementor-element-0fac479{margin-top:-20px;margin-bottom:0px;}<\/style>\t\t<div data-elementor-type=\"wp-page\" data-elementor-id=\"8471\" class=\"elementor elementor-8471\" data-elementor-post-type=\"page\">\n\t\t\t\t\t\t<section class=\"elementor-section elementor-top-section elementor-element elementor-element-0fac479 elementor-section-boxed elementor-section-height-default elementor-section-height-default\" data-id=\"0fac479\" data-element_type=\"section\" data-e-type=\"section\">\n\t\t\t\t\t\t<div class=\"elementor-container elementor-column-gap-default\">\n\t\t\t\t\t<div class=\"elementor-column elementor-col-100 elementor-top-column elementor-element elementor-element-0529807\" data-id=\"0529807\" data-element_type=\"column\" data-e-type=\"column\">\n\t\t\t<div class=\"elementor-widget-wrap elementor-element-populated\">\n\t\t\t\t\t\t<div class=\"elementor-element elementor-element-66d1150 elementor-widget elementor-widget-html\" data-id=\"66d1150\" data-element_type=\"widget\" data-e-type=\"widget\" data-widget_type=\"html.default\">\n\t\t\t\t<div class=\"elementor-widget-container\">\n\t\t\t\t\t<style>\r\n    :root {\r\n        --primary-blue: #0b4a8c;\r\n        --accent-gold: #a58536;\r\n        --text-dark: #333;\r\n        --text-light: #666;\r\n        --bg-white: #ffffff;\r\n        --bg-gray: #f8fafc;\r\n    }\r\n\r\n    .profile-card-widget {\r\n        background: var(--bg-white);\r\n        border: 1px solid #eef2f6;\r\n        border-radius: 16px;\r\n        padding: 30px 20px;\r\n        font-family: 'Poppins', sans-serif;\r\n        box-shadow: 0 4px 20px rgba(0,0,0,0.04);\r\n        text-align: center;\r\n        width: 100%;\r\n        box-sizing: border-box;\r\n    }\r\n\r\n    .profile-card-header .profile-img {\r\n        width: 160px;\r\n        height: 160px;\r\n        object-fit: cover;\r\n        border-radius: 50%;\r\n        border: 4px solid var(--bg-gray);\r\n        box-shadow: 0 8px 16px rgba(11, 74, 140, 0.12);\r\n        margin-bottom: 15px;\r\n    }\r\n\r\n    .profile-card-header h2 {\r\n        color: var(--primary-blue);\r\n        font-size: 22px;\r\n        margin: 0 0 10px 0;\r\n        font-weight: 700;\r\n        line-height: 1.3;\r\n    }\r\n\r\n    .profile-card-header p {\r\n        color: var(--text-light);\r\n        font-size: 14px;\r\n        line-height: 1.6;\r\n        margin: 0 0 25px 0;\r\n    }\r\n\r\n    \/* Dikey Butonlar *\/\r\n    .card-button-group {\r\n        display: flex;\r\n        flex-direction: column;\r\n        gap: 12px;\r\n        margin-bottom: 30px;\r\n    }\r\n\r\n    .btn-compact {\r\n        padding: 12px 15px;\r\n        border-radius: 8px;\r\n        text-decoration: none;\r\n        font-weight: 600;\r\n        font-size: 14px;\r\n        transition: all 0.3s ease;\r\n        display: block;\r\n        width: 100%;\r\n        box-sizing: border-box;\r\n        text-transform: uppercase;\r\n        letter-spacing: 0.5px;\r\n    }\r\n\r\n    .btn-primary-compact {\r\n        background: var(--primary-blue);\r\n        color: #ffffff !important;\r\n        border: 2px solid var(--primary-blue);\r\n    }\r\n\r\n    .btn-primary-compact:hover {\r\n        background: #083a6e;\r\n        border-color: #083a6e;\r\n    }\r\n\r\n    .btn-outline-compact {\r\n        border: 2px solid var(--primary-blue);\r\n        color: var(--primary-blue);\r\n        background: transparent;\r\n    }\r\n\r\n    .btn-outline-compact:hover {\r\n        background: var(--primary-blue);\r\n        color: #ffffff !important;\r\n    }\r\n\r\n    \/* Uzmanl\u0131k Alanlar\u0131 Listesi *\/\r\n    .specialty-wrapper h3 {\r\n        font-size: 16px;\r\n        color: var(--text-dark);\r\n        margin: 0 0 20px 0;\r\n        position: relative;\r\n        display: inline-block;\r\n        font-weight: 600;\r\n    }\r\n\r\n    .specialty-wrapper h3::after {\r\n        content: '';\r\n        display: block;\r\n        width: 40px;\r\n        height: 3px;\r\n        background: var(--accent-gold);\r\n        margin: 8px auto 0;\r\n        border-radius: 2px;\r\n    }\r\n\r\n    .compact-link-list {\r\n        list-style: none;\r\n        padding: 0;\r\n        margin: 0;\r\n        display: flex;\r\n        flex-direction: column;\r\n        gap: 8px;\r\n        text-align: left;\r\n    }\r\n\r\n    .compact-link-list li {\r\n        margin: 0;\r\n    }\r\n\r\n    .compact-link-list a, .compact-link-list span {\r\n        display: block;\r\n        padding: 12px 15px;\r\n        background: var(--bg-gray);\r\n        color: var(--text-dark);\r\n        text-decoration: none;\r\n        font-size: 13px;\r\n        font-weight: 500;\r\n        border-radius: 8px;\r\n        transition: all 0.2s ease;\r\n        border-left: 3px solid transparent;\r\n    }\r\n\r\n    .compact-link-list a:hover {\r\n        background: #eef4fb;\r\n        color: var(--primary-blue);\r\n        border-left-color: var(--primary-blue);\r\n        transform: translateX(3px);\r\n    }\r\n<\/style>\r\n\r\n<div class=\"profile-card-widget\">\r\n    <div class=\"profile-card-header\">\r\n        <img decoding=\"async\" src=\"\/wp-content\/uploads\/2024\/07\/wp-profils.png\" alt=\"Assoc. Prof. Dr. Macit Bitargil\" class=\"profile-img\">\r\n        <h2>Assoc. Prof. Dr. Macit Bitargil<\/h2>\r\n        <p>Providing services at his private clinic in Ni\u015fanta\u015f\u0131, Istanbul, Assoc. Prof. Dr. Macit Bitargil specializes in cardiovascular surgery. He performs successful operations in varicose vein treatments (sclerotherapy, foam therapy) and cardiovascular diseases.<\/p>\r\n    <\/div>\r\n\r\n    <div class=\"card-button-group\">\r\n        <a href=\"\/en\/about-me\/\" class=\"btn-compact btn-primary-compact\">About Me<\/a>\r\n        <a href=\"\/en\/scientific-studies\/\" class=\"btn-compact btn-outline-compact\">Scientific Publications<\/a>\r\n    <\/div>\r\n\r\n    <div class=\"specialty-wrapper\">\r\n        <h3>Areas of Expertise<\/h3>\r\n        <ul class=\"compact-link-list\">\r\n            <li><a href=\"\/en\/sclerotherapy-treatments-istanbul-turkey\/\">Sclerotherapy<\/a><\/li>\r\n            <li><a href=\"\/en\/varicose-diseases-istanbul-turkey\/\">Varicose Diseases<\/a><\/li>\r\n            <li><a href=\"\/en\/aortic-valve-diseases-istanbul-turkey\/\">Aortic Valve Diseases<\/a><\/li>\r\n            <li><a href=\"\/en\/deep-vein-thrombosis-istanbul-turkey\/\">Deep Vein Thrombosis<\/a><\/li>\r\n            <li><a href=\"\/en\/carotid-artery-disease-istanbul-turkey\/\">Carotid Artery Disease<\/a><\/li>\r\n            <li><a href=\"\/en\/coronary-bypass-surgery-istanbul-turkey\/\">Coronary Bypass Surgery<\/a><\/li>\r\n            <li><a href=\"\/en\/mitral-valve-diseases-istanbul-turkey\/\">Mitral Valve Diseases<\/a><\/li>\r\n            <li><a href=\"\/en\/peripheral-artery-diseases-istanbul-turkey\/\">Peripheral Artery Diseases<\/a><\/li>\r\n            <li><a href=\"\/en\/aortic-aneurysms-istanbul-turkey\/\">Aortic Aneurysms<\/a><\/li>\r\n        <\/ul>\r\n    <\/div>\r\n<\/div>\t\t\t\t<\/div>\n\t\t\t\t<\/div>\n\t\t\t\t\t<\/div>\n\t\t<\/div>\n\t\t\t\t\t<\/div>\n\t\t<\/section>\n\t\t\t\t<\/div>\n\t\t","protected":false},"excerpt":{"rendered":"<p>Assoc. Prof. Dr. Macit Bitargil Providing services at his private clinic in Ni\u015fanta\u015f\u0131, Istanbul, Assoc. Prof. Dr. Macit Bitargil specializes in cardiovascular surgery. He performs successful operations in varicose vein treatments (sclerotherapy, foam therapy) and cardiovascular diseases. About Me Scientific Publications Areas of Expertise Sclerotherapy Varicose Diseases Aortic Valve Diseases Deep Vein Thrombosis Carotid Artery [&hellip;]<\/p>\n","protected":false},"author":1,"featured_media":0,"parent":0,"menu_order":0,"comment_status":"closed","ping_status":"closed","template":"","meta":{"_acf_changed":false,"_daextinma_seo_power":"","_daextinma_enable_ail":"","_joinchat":[],"footnotes":""},"class_list":["post-8471","page","type-page","status-publish","hentry"],"acf":[],"_links":{"self":[{"href":"https:\/\/www.macitbitargil.com\/en\/wp-json\/wp\/v2\/pages\/8471","targetHints":{"allow":["GET"]}}],"collection":[{"href":"https:\/\/www.macitbitargil.com\/en\/wp-json\/wp\/v2\/pages"}],"about":[{"href":"https:\/\/www.macitbitargil.com\/en\/wp-json\/wp\/v2\/types\/page"}],"author":[{"embeddable":true,"href":"https:\/\/www.macitbitargil.com\/en\/wp-json\/wp\/v2\/users\/1"}],"replies":[{"embeddable":true,"href":"https:\/\/www.macitbitargil.com\/en\/wp-json\/wp\/v2\/comments?post=8471"}],"version-history":[{"count":12,"href":"https:\/\/www.macitbitargil.com\/en\/wp-json\/wp\/v2\/pages\/8471\/revisions"}],"predecessor-version":[{"id":8487,"href":"https:\/\/www.macitbitargil.com\/en\/wp-json\/wp\/v2\/pages\/8471\/revisions\/8487"}],"wp:attachment":[{"href":"https:\/\/www.macitbitargil.com\/en\/wp-json\/wp\/v2\/media?parent=8471"}],"curies":[{"name":"wp","href":"https:\/\/api.w.org\/{rel}","templated":true}]}}